{"id":3332,"date":"2021-06-30T08:01:20","date_gmt":"2021-06-30T08:01:20","guid":{"rendered":"https:\/\/hotellemoulin.alloaswisscloud.ch\/?page_id=3332"},"modified":"2025-06-18T12:20:39","modified_gmt":"2025-06-18T12:20:39","slug":"notre-formule","status":"publish","type":"page","link":"https:\/\/www.hotellemoulin.com\/en\/notre-formule\/","title":{"rendered":"Our deal"},"content":{"rendered":"<div data-colibri-id=\"3332-c1\" class=\"style-1296 style-local-3332-c1 position-relative\">\n  <!---->\n  <div data-colibri-component=\"section\" data-colibri-id=\"3332-c2\" id=\"features\" class=\"h-section h-section-global-spacing d-flex align-items-lg-center align-items-md-center align-items-center style-1305 style-local-3332-c2 position-relative\">\n    <!---->\n    <!---->\n    <div class=\"h-section-grid-container h-section-boxed-container\">\n      <div data-colibri-id=\"3332-c32\" class=\"h-row-container gutters-row-lg-2 gutters-row-md-2 gutters-row-2 gutters-row-v-lg-2 gutters-row-v-md-2 gutters-row-v-2 style-1321 style-local-3332-c32 position-relative\">\n        <!---->\n        <div class=\"h-row justify-content-lg-center justify-content-md-center justify-content-center align-items-lg-stretch align-items-md-stretch align-items-stretch gutters-col-lg-2 gutters-col-md-2 gutters-col-2 gutters-col-v-lg-2 gutters-col-v-md-2 gutters-col-v-2\">\n          <!---->\n          <div class=\"h-column h-column-container d-flex h-col-lg-auto h-col-md-auto h-col-auto style-1322-outer style-local-3332-c33-outer\">\n            <div data-colibri-id=\"3332-c33\" class=\"d-flex h-flex-basis h-column__inner h-px-lg-2 h-px-md-2 h-px-2 v-inner-lg-2 v-inner-md-2 v-inner-2 style-1322 style-local-3332-c33 position-relative\">\n              <!---->\n              <!---->\n              <div class=\"w-100 h-y-container h-column__content h-column__v-align flex-basis-100 align-self-lg-start align-self-md-start align-self-start\">\n                <!---->\n                <div data-colibri-id=\"3332-c34\" class=\"h-global-transition-all h-heading style-1323 style-local-3332-c34 position-relative h-element\">\n                  <!---->\n                  <div class=\"h-heading__outer style-1323 style-local-3332-c34\">\n                    <!---->\n                    <!---->\n                    <h2 class=\"\">Our deal<\/h2>\n                  <\/div>\n                <\/div>\n                <div data-colibri-id=\"3332-c35\" class=\"h-lead h-text h-text-component style-1324 style-local-3332-c35 position-relative h-element\">\n                  <!---->\n                  <!---->\n                  <div class=\"\">\n                    <p class=\"translation-block\">To experience our hotel or gift the experience to friends, family or clients, we have designed a selection of hotel and dining deals in partnership with  <a href=\"https:\/\/www.les-jardins-du-moulin.fr\" target=\"_blank\" class=\"customize-unpreviewable\" rel=\"noopener\">Les Jardins du Moulin<\/a> restaurant<\/p>\n                  <\/div>\n                <\/div>\n              <\/div>\n            <\/div>\n          <\/div>\n        <\/div>\n      <\/div>\n      <div data-colibri-id=\"3332-c3\" class=\"h-row-container gutters-row-lg-2 gutters-row-md-2 gutters-row-2 gutters-row-v-lg-2 gutters-row-v-md-2 gutters-row-v-2 style-1306 style-local-3332-c3 position-relative\">\n        <!---->\n        <div class=\"h-row justify-content-lg-center justify-content-md-center justify-content-center align-items-lg-stretch align-items-md-stretch align-items-stretch gutters-col-lg-2 gutters-col-md-2 gutters-col-2 gutters-col-v-lg-2 gutters-col-v-md-2 gutters-col-v-2\">\n          <!---->\n          <div class=\"h-column h-column-container d-flex h-col-lg-auto h-col-md-auto h-col-auto style-1307-outer style-local-3332-c4-outer\">\n            <div data-colibri-id=\"3332-c4\" class=\"d-flex h-flex-basis h-column__inner h-px-lg-0 h-px-md-0 h-px-0 v-inner-lg-0 v-inner-md-0 v-inner-0 style-1307 style-local-3332-c4 position-relative\">\n              <!---->\n              <!---->\n              <div class=\"w-100 h-y-container h-column__content h-column__v-align flex-basis-100 align-self-lg-start align-self-md-start align-self-start\">\n                <!---->\n                <div data-colibri-component=\"tabs\" data-colibri-id=\"3332-c5\" class=\"h-tabs h-tabs-horizontal h-tabs--horizontal--auto-lg h-tabs--horizontal--auto-md h-tabs--horizontal--full h-tabs h-tabs-horizontal h-tabs--horizontal--auto-lg h-tabs--horizontal--auto-md h-tabs--horizontal--full style-1308 style-local-3332-c5 position-relative h-element\">\n                  <!---->\n                  <div class=\"h-tabs-navigation d-flex h-tabs-navigation-horizontal\">\n                    <a href=\"#evasion-au-fil-des-saisons\" class=\"h-tabs-navigation-item d-flex align-items-center h-global-transition h-tabs-navigation-active-item h-custom-active-state\" rel=\"#evasion-au-fil-des-saisons\">\n                      <!----><span class=\"h-tabs-navigation-item__text\">\u00c9vasion au fil des saisons<\/span><\/a>\n                  <\/div>\n                  <div id=\"evasion-au-fil-des-saisons\" skip-smooth-scroll=\"true\" skip-scroll-spy=\"true\" data-colibri-id=\"3332-c6\" class=\"h-tabs-item-content h-tabs-item h-tabs-content-horizontal h-tabs-content-3332-c6 style-1379 style-local-3332-c6 position-relative h-element h-tabs-content-active\">\n                    <!---->\n                    <div class=\"w-100 h-y-container\">\n                      <!---->\n                      <div data-colibri-id=\"3332-c7\" class=\"h-row-container gutters-row-lg-0 gutters-row-md-0 gutters-row-0 gutters-row-v-lg-0 gutters-row-v-md-0 gutters-row-v-0 style-1380 style-local-3332-c7 position-relative\">\n                        <!---->\n                        <div class=\"h-row justify-content-lg-center justify-content-md-center justify-content-center align-items-lg-stretch align-items-md-stretch align-items-stretch gutters-col-lg-0 gutters-col-md-0 gutters-col-0 gutters-col-v-lg-0 gutters-col-v-md-0 gutters-col-v-0\">\n                          <!---->\n                          <div class=\"h-column h-column-container d-flex h-col-lg-12 h-col-md-12 h-col-12 style-1381-outer style-local-3332-c8-outer\">\n                            <div data-colibri-id=\"3332-c8\" class=\"d-flex h-flex-basis h-column__inner h-px-lg-2 h-px-md-2 h-px-2 v-inner-lg-2 v-inner-md-2 v-inner-2 style-1381 style-local-3332-c8 position-relative\">\n                              <!---->\n                              <!---->\n                              <div class=\"w-100 h-y-container h-column__content h-column__v-align flex-basis-100 align-self-lg-start align-self-md-start align-self-start\">\n                                <!---->\n                                <div data-colibri-id=\"3332-c9\" class=\"h-global-transition-all h-heading style-1382 style-local-3332-c9 position-relative h-element\">\n                                  <!---->\n                                  <div class=\"h-heading__outer style-1382 style-local-3332-c9\">\n                                    <!---->\n                                    <!---->\n                                    <h3 class=\"\">The \u201c\u00c9vasion au fil des saisons\u201d deal<\/h3>\n                                  <\/div>\n                                <\/div>\n                              <\/div>\n                            <\/div>\n                          <\/div>\n                        <\/div>\n                      <\/div>\n                      <div data-colibri-id=\"3332-c10\" class=\"h-row-container gutters-row-lg-0 gutters-row-md-0 gutters-row-0 gutters-row-v-lg-0 gutters-row-v-md-0 gutters-row-v-0 style-1385 style-local-3332-c10 position-relative\">\n                        <!---->\n                        <div class=\"h-row justify-content-lg-start justify-content-md-start justify-content-start align-items-lg-stretch align-items-md-stretch align-items-stretch gutters-col-lg-0 gutters-col-md-0 gutters-col-0 gutters-col-v-lg-0 gutters-col-v-md-0 gutters-col-v-0\">\n                          <!---->\n                          <div class=\"h-column h-column-container d-flex h-col-lg-auto h-col-md-auto h-col-auto style-1386-outer style-local-3332-c11-outer\">\n                            <div data-colibri-id=\"3332-c11\" class=\"d-flex h-flex-basis h-column__inner h-px-lg-0 h-px-md-0 h-px-0 v-inner-lg-0 v-inner-md-0 v-inner-0 style-1386 style-local-3332-c11 position-relative\">\n                              <!---->\n                              <!---->\n                              <div class=\"w-100 h-y-container h-column__content h-column__v-align flex-basis-100 align-self-lg-start align-self-md-start align-self-start\">\n                                <!---->\n                                <div data-colibri-id=\"3332-c12\" class=\"h-pricing d-flex style-1387 style-local-3332-c12 position-relative h-element\">\n                                  <!----><span class=\"original-price d-flex align-items-start align-self-lg-center align-self-md-center align-self-center\" style=\"display: none;\"><span class=\"original-symbol-price align-self-lg-center align-self-md-center align-self-center\">\n      \u20ac\n    <\/span> <span>99<\/span> <span class=\"original-decimal-price align-self-lg-start align-self-md-start align-self-start\">.99<\/span><\/span> <span class=\"symbol-price align-self-lg-center align-self-md-center align-self-center\">\n    \u20ac\n  <\/span> <span class=\"current-price align-self-center\">450<\/span> <span class=\"decimal-price align-self-lg-start align-self-md-start align-self-start\">.00<\/span><\/div>\n                              <\/div>\n                            <\/div>\n                          <\/div>\n                          <div class=\"h-column h-column-container d-flex h-col-lg-auto h-col-md-auto h-col-auto style-1388-outer style-local-3332-c13-outer\">\n                            <div data-colibri-id=\"3332-c13\" class=\"d-flex h-flex-basis h-column__inner h-px-lg-0 h-px-md-0 h-px-0 v-inner-lg-0 v-inner-md-0 v-inner-0 style-1388 style-local-3332-c13 position-relative\">\n                              <!---->\n                              <!---->\n                              <div class=\"w-100 h-y-container h-column__content h-column__v-align flex-basis-100 align-self-lg-end align-self-md-end align-self-end\">\n                                <!---->\n                                <div data-colibri-id=\"3332-c14\" class=\"h-global-transition-all h-heading style-1389 style-local-3332-c14 position-relative h-element\">\n                                  <!---->\n                                  <div class=\"h-heading__outer style-1389 style-local-3332-c14\">\n                                    <!---->\n                                    <!---->\n                                    <h4 class=\"\">for two guests based on a double room<\/h4>\n                                  <\/div>\n                                <\/div>\n                              <\/div>\n                            <\/div>\n                          <\/div>\n                        <\/div>\n                      <\/div>\n                      <div data-colibri-id=\"3332-c15\" class=\"h-row-container gutters-row-lg-0 gutters-row-md-0 gutters-row-0 gutters-row-v-lg-0 gutters-row-v-md-0 gutters-row-v-0 style-1390 style-local-3332-c15 position-relative\">\n                        <!---->\n                        <div class=\"h-row justify-content-lg-start justify-content-md-start justify-content-start align-items-lg-stretch align-items-md-stretch align-items-stretch gutters-col-lg-0 gutters-col-md-0 gutters-col-0 gutters-col-v-lg-0 gutters-col-v-md-0 gutters-col-v-0\">\n                          <!---->\n                          <div class=\"h-column h-column-container d-flex h-col-lg-12 h-col-md-12 h-col-12 style-1391-outer style-local-3332-c16-outer\">\n                            <div data-colibri-id=\"3332-c16\" class=\"d-flex h-flex-basis h-column__inner h-px-lg-2 h-px-md-2 h-px-2 v-inner-lg-2 v-inner-md-2 v-inner-2 style-1391 style-local-3332-c16 position-relative\">\n                              <!---->\n                              <!---->\n                              <div class=\"w-100 h-y-container h-column__content h-column__v-align flex-basis-100 align-self-lg-start align-self-md-start align-self-start\">\n                                <!---->\n                                <div data-colibri-id=\"3332-c17\" class=\"icon-list d-flex justify-content-lg-start justify-content-md-start justify-content-start style-1392 style-local-3332-c17 position-relative h-element\">\n                                  <!---->\n                                  <ul class=\"ul-list-icon vertical-on-desktop vertical-on-tablet vertical-on-mobile justify-content-lg-start justify-content-md-start justify-content-start\">\n                                    <!---->\n                                    <li class=\"list-item no-gutters\">\n                                      <!---->\n                                      <div class=\"list-container-divider d-flex justify-content-lg-start justify-content-md-start justify-content-start first-el-spacer\"><\/div> <span class=\"item-link no-gutters\"><div class=\"d-flex h-col no-gutters align-items-lg-center align-items-md-center align-items-center list-item-text-wrapper\"><div class=\"d-flex\"><span  class=\"h-svg-icon style-1392-icon style-local-3332-c17-icon\"><!--Icon by Ionicons (https:\/\/ionicons.com)--><svg version=\"1.1\" xmlns=\"http:\/\/www.w3.org\/2000\/svg\" xmlns:xlink=\"http:\/\/www.w3.org\/1999\/xlink\" id=\"android-checkmark-circle\" viewbox=\"0 0 416 512\"><path d=\"M123 216l64 64 179-178 29 29-208 208-93-93zm251 40h42c0 114-94 208-208 208S0 370 0 256 94 48 208 48c28 0 54 6 78 16l-32 32c-15-4-30-6-46-6-92 0-166 74-166 166s74 166 166 166 166-74 166-166z\"><\/path><\/svg><\/span><\/div>\n                                <span class=\"list-text d-block\"><span>One night in a standard double room in Le Moulin Hotel including breakfast<\/span><\/span>\n                              <\/div>\n                              <\/span>\n                              <div class=\"list-container-divider d-flex justify-content-lg-start justify-content-md-start justify-content-start\">\n                                <!---->\n                              <\/div>\n                              <\/li>\n                              <li class=\"list-item no-gutters\">\n                                <!---->\n                                <!----><span class=\"item-link no-gutters\"><div class=\"d-flex h-col no-gutters align-items-lg-center align-items-md-center align-items-center list-item-text-wrapper\"><div class=\"d-flex\"><span  class=\"h-svg-icon style-1392-icon style-local-3332-c17-icon\"><!--Icon by Ionicons (https:\/\/ionicons.com)--><svg version=\"1.1\" xmlns=\"http:\/\/www.w3.org\/2000\/svg\" xmlns:xlink=\"http:\/\/www.w3.org\/1999\/xlink\" id=\"android-checkmark-circle\" viewbox=\"0 0 416 512\"><path d=\"M123 216l64 64 179-178 29 29-208 208-93-93zm251 40h42c0 114-94 208-208 208S0 370 0 256 94 48 208 48c28 0 54 6 78 16l-32 32c-15-4-30-6-46-6-92 0-166 74-166 166s74 166 166 166 166-74 166-166z\"><\/path><\/svg><\/span><\/div>\n                            <span class=\"list-text d-block\"><span>Lunch or dinner for two from our \u201cD\u00e9gustation en 7 temps\u201d menu (one aperitif, five courses, four glasses of wine (12cl), one half-bottle of mineral water and a coffee) at Les Jardins du Moulin<\/span><\/span>\n                          <\/div>\n                          <\/span>\n                          <div class=\"list-container-divider d-flex justify-content-lg-start justify-content-md-start justify-content-start\" style=\"display: none;\">\n                            <!---->\n                          <\/div>\n                          <div class=\"list-container-divider d-flex justify-content-lg-start justify-content-md-start justify-content-start last-el-spacer\"><\/div>\n                          <\/li>\n                          <\/ul>\n                        <\/div>\n                      <\/div>\n                    <\/div>\n                  <\/div>\n                <\/div>\n              <\/div>\n            <\/div>\n          <\/div>\n        <\/div>\n      <\/div>\n    <\/div>\n  <\/div>\n<\/div>\n<\/div>\n<div data-colibri-id=\"3332-c18\" class=\"h-row-container gutters-row-lg-2 gutters-row-md-2 gutters-row-2 gutters-row-v-lg-2 gutters-row-v-md-2 gutters-row-v-2 style-1411 style-local-3332-c18 position-relative\">\n  <!---->\n  <div class=\"h-row justify-content-lg-center justify-content-md-center justify-content-center align-items-lg-stretch align-items-md-stretch align-items-stretch gutters-col-lg-2 gutters-col-md-2 gutters-col-2 gutters-col-v-lg-2 gutters-col-v-md-2 gutters-col-v-2\">\n    <!---->\n    <div data-aos=\"fadeInLeft\" class=\"h-column h-column-container d-flex h-col-lg-auto h-col-md-auto h-col-auto style-1418-outer style-local-3332-c19-outer\">\n      <div data-colibri-id=\"3332-c19\" class=\"d-flex h-flex-basis h-column__inner h-px-lg-3 h-px-md-3 h-px-3 v-inner-lg-3 v-inner-md-3 v-inner-3 style-1418 style-local-3332-c19 position-relative\">\n        <!---->\n        <!---->\n        <div class=\"w-100 h-y-container h-column__content h-column__v-align flex-basis-100 align-self-lg-start align-self-md-start align-self-start\">\n          <!---->\n          <div data-colibri-id=\"3332-c20\" class=\"h-lead h-text h-text-component style-1414 style-local-3332-c20 position-relative h-element\">\n            <!---->\n            <!---->\n            <div class=\"\">\n              <p>The Le Moulin Hotel grounds are a haven of peace and calm where you can soak up the lush surroundings, enjoy views of the river and take a stroll around the stables, chicken coop and more.\n                <br>\n              <\/p>\n            <\/div>\n          <\/div>\n        <\/div>\n      <\/div>\n    <\/div>\n    <div data-aos=\"fadeInRight\" class=\"h-column h-column-container d-flex h-col-lg-auto h-col-md-auto h-col-auto style-1418-outer style-local-3332-c21-outer\">\n      <div data-colibri-id=\"3332-c21\" class=\"d-flex h-flex-basis h-column__inner h-px-lg-3 h-px-md-3 h-px-3 v-inner-lg-3 v-inner-md-3 v-inner-3 style-1418 style-local-3332-c21 position-relative\">\n        <!---->\n        <!---->\n        <div class=\"w-100 h-y-container h-column__content h-column__v-align flex-basis-100 align-self-lg-start align-self-md-start align-self-start\">\n          <!---->\n          <div data-colibri-id=\"3332-c22\" class=\"h-lead h-text h-text-component style-1415 style-local-3332-c22 position-relative h-element\">\n            <!---->\n            <!---->\n            <div class=\"\">\n              <p>Think of our establishment as a secret refuge where weeping willows, hydrangeas, ferns and old-fashioned roses are the backdrop to your moments of pure relaxation and freedom.\n                <br>\n              <\/p>\n            <\/div>\n          <\/div>\n        <\/div>\n      <\/div>\n    <\/div>\n    <div class=\"h-column h-column-container d-flex h-col-lg-auto h-col-md-auto h-col-auto style-1426-outer style-local-3332-c23-outer\">\n      <div data-colibri-id=\"3332-c23\" class=\"d-flex h-flex-basis h-column__inner h-px-lg-0 h-px-md-0 h-px-0 v-inner-lg-0 v-inner-md-0 v-inner-0 style-1426 style-local-3332-c23 position-relative\">\n        <!---->\n        <!---->\n        <div class=\"w-100 h-y-container h-column__content h-column__v-align flex-basis-100 align-self-lg-start align-self-md-start align-self-start\">\n          <!---->\n          <div data-colibri-id=\"3332-c24\" class=\"h-lead h-text h-text-component style-1427 style-local-3332-c24 position-relative h-element\">\n            <!---->\n            <!---->\n            <div class=\"\">\n              <p>Arnaud Zinck will share his personal interpretation of traditional dishes that promise to tempt your tastebuds.\n                <br>\n              <\/p>\n            <\/div>\n          <\/div>\n        <\/div>\n      <\/div>\n    <\/div>\n  <\/div>\n<\/div>\n<div data-colibri-id=\"3332-c25\" class=\"h-row-container gutters-row-lg-2 gutters-row-md-2 gutters-row-2 gutters-row-v-lg-2 gutters-row-v-md-2 gutters-row-v-2 style-1405 style-local-3332-c25 position-relative\">\n  <!---->\n  <div class=\"h-row justify-content-lg-center justify-content-md-center justify-content-center align-items-lg-stretch align-items-md-stretch align-items-stretch gutters-col-lg-2 gutters-col-md-2 gutters-col-2 gutters-col-v-lg-2 gutters-col-v-md-2 gutters-col-v-2\">\n    <!---->\n    <div class=\"h-column h-column-container d-flex h-col-lg-12 h-col-md-12 h-col-12 style-1406-outer style-local-3332-c26-outer\">\n      <div data-colibri-id=\"3332-c26\" class=\"d-flex h-flex-basis h-column__inner h-px-lg-0 h-px-md-0 h-px-0 v-inner-lg-0 v-inner-md-0 v-inner-0 style-1406 style-local-3332-c26 position-relative\">\n        <!---->\n        <!---->\n        <div class=\"w-100 h-y-container h-column__content h-column__v-align flex-basis-100 align-self-lg-start align-self-md-start align-self-start\">\n          <!---->\n          <div data-colibri-id=\"3332-c27\" class=\"h-lead h-text h-text-component style-1408 style-local-3332-c27 position-relative h-element\">\n            <!---->\n            <!---->\n            <div class=\"\">\n              <p>Le Jardin du Moulin restaurant is closed all day every Wednesday, Thursday and Sundays .<strong style=\"font-weight: 300;\"><br>Zuem Buerestuebel restaurant is closed all day every Monday and Tuesday and every Wednesday evening.<\/strong>\n                <br>\n              <\/p>\n            <\/div>\n          <\/div>\n        <\/div>\n      <\/div>\n    <\/div>\n    <div class=\"h-column h-column-container d-flex h-col-lg-12 h-col-md-12 h-col-12 style-1407-outer style-local-3332-c28-outer\">\n      <div data-colibri-id=\"3332-c28\" class=\"d-flex h-flex-basis h-column__inner h-px-lg-0 h-px-md-0 h-px-0 v-inner-lg-0 v-inner-md-0 v-inner-0 style-1407 style-local-3332-c28 position-relative\">\n        <!---->\n        <!---->\n        <div class=\"w-100 h-y-container h-column__content h-column__v-align flex-basis-100 align-self-lg-start align-self-md-start align-self-start\">\n          <!---->\n          <div data-colibri-id=\"3332-c29\" class=\"h-global-transition-all h-heading style-1410 style-local-3332-c29 position-relative h-element\">\n            <!---->\n            <div class=\"h-heading__outer style-1410 style-local-3332-c29\">\n              <!---->\n              <!---->\n              <h4 class=\"\">For the deal shown above, the standard double room can be swapped out for one night in a junior suite, for an additional charge of \u20ac30 to \u20ac220 depending on the chosen suite. Please\n                <a href=\"https:\/\/www.hotellemoulin.com\/en\/contact\/\"\n                  target=\"_blank\" class=\"customize-unpreviewable\">contact us<\/a>\u200e\u200f\u200f\u200e \u200efor more information. Single room occupancy incurs a supplement of \u20ac70.<\/h4>\n            <\/div>\n          <\/div>\n        <\/div>\n      <\/div>\n    <\/div>\n    <div class=\"h-column h-column-container d-flex h-col-lg-12 h-col-md-12 h-col-12 style-1407-outer style-local-3332-c30-outer\">\n      <div data-colibri-id=\"3332-c30\" class=\"d-flex h-flex-basis h-column__inner h-px-lg-0 h-px-md-0 h-px-0 v-inner-lg-0 v-inner-md-0 v-inner-0 style-1407 style-local-3332-c30 position-relative\">\n        <!---->\n        <!---->\n        <div class=\"w-100 h-y-container h-column__content h-column__v-align flex-basis-100 align-self-lg-start align-self-md-start align-self-start\">\n          <!---->\n          <div data-colibri-id=\"3332-c31\" class=\"h-lead h-text h-text-component style-1409 style-local-3332-c31 position-relative h-element\">\n            <!---->\n            <!---->\n            <div class=\"\">\n              <p class=\"translation-block\">To buy a gift card, please send enquiries by \n                <a href=\"https:\/\/www.hotellemoulin.com\/en\/contact\" target=\"_blank\" rel=\"noopener\">contact form<\/a>,\u00a0\n                <a href=\"tel:03 88 07 33 30\u200e\" target=\"_blank\" rel=\"noopener\">phone<\/a> or\n                <a href=\"mailto:contact@hotellemoulin.com\" target=\"_blank\" rel=\"noopener\">email.<\/a> Gift cards are valid for 12 months, non-exchangeable and non-refundable. \n                <br><\/p>\n            <\/div>\n          <\/div>\n        <\/div>\n      <\/div>\n    <\/div>\n  <\/div>\n<\/div>\n<\/div>\n<\/div>\n<\/div>","protected":false},"excerpt":{"rendered":"<p>Notre formule Pour d\u00e9couvrir notre h\u00f4tel ou pour offrir \u00e0 vos amis, parents ou clients, nous vous proposons notre escapade gourmande en association avec le restaurant \u00a0\u00bb Les Jardins du Moulin\u00a0\u00bb \u00c9vasion au fil des saisons Formule \u00ab\u00a0\u00c9vasion au fil des saisons\u00a0\u00bb \u20ac 99 .99 \u20ac 450 .00 pour deux personnes sur la base d&rsquo;une [&hellip;]<\/p>","protected":false},"author":1,"featured_media":0,"parent":0,"menu_order":0,"comment_status":"closed","ping_status":"closed","template":"page-templates\/full-width-page.php","meta":{"footnotes":""},"class_list":["post-3332","page","type-page","status-publish","hentry"],"_links":{"self":[{"href":"https:\/\/www.hotellemoulin.com\/en\/wp-json\/wp\/v2\/pages\/3332","targetHints":{"allow":["GET"]}}],"collection":[{"href":"https:\/\/www.hotellemoulin.com\/en\/wp-json\/wp\/v2\/pages"}],"about":[{"href":"https:\/\/www.hotellemoulin.com\/en\/wp-json\/wp\/v2\/types\/page"}],"author":[{"embeddable":true,"href":"https:\/\/www.hotellemoulin.com\/en\/wp-json\/wp\/v2\/users\/1"}],"replies":[{"embeddable":true,"href":"https:\/\/www.hotellemoulin.com\/en\/wp-json\/wp\/v2\/comments?post=3332"}],"version-history":[{"count":20,"href":"https:\/\/www.hotellemoulin.com\/en\/wp-json\/wp\/v2\/pages\/3332\/revisions"}],"predecessor-version":[{"id":5978,"href":"https:\/\/www.hotellemoulin.com\/en\/wp-json\/wp\/v2\/pages\/3332\/revisions\/5978"}],"wp:attachment":[{"href":"https:\/\/www.hotellemoulin.com\/en\/wp-json\/wp\/v2\/media?parent=3332"}],"curies":[{"name":"wp","href":"https:\/\/api.w.org\/{rel}","templated":true}]}}